{"id":15,"date":"2026-05-04T11:53:44","date_gmt":"2026-05-04T11:53:44","guid":{"rendered":"https:\/\/laianart.mortensen.cat\/inicio\/"},"modified":"2026-05-04T14:24:30","modified_gmt":"2026-05-04T14:24:30","slug":"inicio","status":"publish","type":"page","link":"https:\/\/laianart.mortensen.cat\/en\/","title":{"rendered":"Home"},"content":{"rendered":"<section class=\"relative w-full bg-gray-800 overflow-hidden align wp-block-home-about-block\" data-home-about>\n  \n  <div data-home-about-content class=\"relative z-10 flex flex-col items-center gap-8 pt-13 text-center container-fluid\">\n    <div class=\"flex flex-col gap-4 max-w-[440px] w-full\">\n              <h2 data-reveal class=\"font-armany font-semibold text-armany-5xl md:text-armany-6xl\">Laia Nart<\/h2>\n                    <div data-reveal class=\"font-light max-w-prose mx-auto\"><p>(EN) Instructora de pilates con m\u00e1s de 10 a\u00f1os de experiencia. Certificada por la Federaci\u00f3n Espa\u00f1ola de Pilates y Yoga. Apasionada por el movimiento y el bienestar f\u00edsico y mental.  <\/p>\n<\/div>\n          <\/div>\n\n          <a\n    href=\"\/\"\n            class=\"group inline-flex flex-col items-center justify-center gap-0.5 p-0.5 font-outfit text-outfit-lg font-normal text-gray-300 disabled:opacity-70 disabled:pointer-events-none\" data-reveal=\"data-reveal\"\n  >\n    <span class=\"inline-flex items-center gap-0.5\">\n      About\n    <\/span>\n    <span aria-hidden=\"true\" class=\"block h-px w-full transition-colors bg-red-600 group-hocus:bg-gray-50\"><\/span>\n  <\/a>\n      <\/div>\n\n  \n      <div data-home-about-swiper class=\"swiper relative z-10 w-full my-16 md:my-20\">\n      <div class=\"swiper-wrapper\">\n                  <div class=\"swiper-slide !w-[219px] md:!w-[306px] aspect-[9\/16]\">\n            <div data-home-about-slide-inner class=\"w-full h-full rounded-xl md:rounded-sm overflow-hidden\">\n              <img loading=\"lazy\" decoding=\"async\" width=\"600\" height=\"800\" src=\"https:\/\/laianart.mortensen.cat\/app\/uploads\/2026\/05\/3b3aa674025e71f46650956bf599e6eb66437e1d.webp\" class=\"w-full h-full object-cover\" alt=\"\" srcset=\"https:\/\/laianart.mortensen.cat\/app\/uploads\/2026\/05\/3b3aa674025e71f46650956bf599e6eb66437e1d.webp 600w, https:\/\/laianart.mortensen.cat\/app\/uploads\/2026\/05\/3b3aa674025e71f46650956bf599e6eb66437e1d-225x300.webp 225w\" sizes=\"auto, (max-width: 600px) 100vw, 600px\" \/>\n            <\/div>\n          <\/div>\n                  <div class=\"swiper-slide !w-[219px] md:!w-[306px] aspect-[9\/16]\">\n            <div data-home-about-slide-inner class=\"w-full h-full rounded-xl md:rounded-sm overflow-hidden\">\n              <img loading=\"lazy\" decoding=\"async\" width=\"1366\" height=\"2048\" src=\"https:\/\/laianart.mortensen.cat\/app\/uploads\/2026\/05\/bf7077eccfa1a0d482b4f64b948b1ba6f288803c.webp\" class=\"w-full h-full object-cover\" alt=\"\" srcset=\"https:\/\/laianart.mortensen.cat\/app\/uploads\/2026\/05\/bf7077eccfa1a0d482b4f64b948b1ba6f288803c.webp 1366w, https:\/\/laianart.mortensen.cat\/app\/uploads\/2026\/05\/bf7077eccfa1a0d482b4f64b948b1ba6f288803c-200x300.webp 200w, https:\/\/laianart.mortensen.cat\/app\/uploads\/2026\/05\/bf7077eccfa1a0d482b4f64b948b1ba6f288803c-683x1024.webp 683w, https:\/\/laianart.mortensen.cat\/app\/uploads\/2026\/05\/bf7077eccfa1a0d482b4f64b948b1ba6f288803c-768x1151.webp 768w, https:\/\/laianart.mortensen.cat\/app\/uploads\/2026\/05\/bf7077eccfa1a0d482b4f64b948b1ba6f288803c-1025x1536.webp 1025w\" sizes=\"auto, (max-width: 1366px) 100vw, 1366px\" \/>\n            <\/div>\n          <\/div>\n                  <div class=\"swiper-slide !w-[219px] md:!w-[306px] aspect-[9\/16]\">\n            <div data-home-about-slide-inner class=\"w-full h-full rounded-xl md:rounded-sm overflow-hidden\">\n              <img loading=\"lazy\" decoding=\"async\" width=\"1366\" height=\"2048\" src=\"https:\/\/laianart.mortensen.cat\/app\/uploads\/2026\/05\/06425da64a4297e1da63bcde8d27f29d312cf357.webp\" class=\"w-full h-full object-cover\" alt=\"\" srcset=\"https:\/\/laianart.mortensen.cat\/app\/uploads\/2026\/05\/06425da64a4297e1da63bcde8d27f29d312cf357.webp 1366w, https:\/\/laianart.mortensen.cat\/app\/uploads\/2026\/05\/06425da64a4297e1da63bcde8d27f29d312cf357-200x300.webp 200w, https:\/\/laianart.mortensen.cat\/app\/uploads\/2026\/05\/06425da64a4297e1da63bcde8d27f29d312cf357-683x1024.webp 683w, https:\/\/laianart.mortensen.cat\/app\/uploads\/2026\/05\/06425da64a4297e1da63bcde8d27f29d312cf357-768x1151.webp 768w, https:\/\/laianart.mortensen.cat\/app\/uploads\/2026\/05\/06425da64a4297e1da63bcde8d27f29d312cf357-1025x1536.webp 1025w\" sizes=\"auto, (max-width: 1366px) 100vw, 1366px\" \/>\n            <\/div>\n          <\/div>\n                  <div class=\"swiper-slide !w-[219px] md:!w-[306px] aspect-[9\/16]\">\n            <div data-home-about-slide-inner class=\"w-full h-full rounded-xl md:rounded-sm overflow-hidden\">\n              <img loading=\"lazy\" decoding=\"async\" width=\"600\" height=\"800\" src=\"https:\/\/laianart.mortensen.cat\/app\/uploads\/2026\/05\/70ab6a217c27c921220649993ac83a4d790e4c4a.webp\" class=\"w-full h-full object-cover\" alt=\"\" srcset=\"https:\/\/laianart.mortensen.cat\/app\/uploads\/2026\/05\/70ab6a217c27c921220649993ac83a4d790e4c4a.webp 600w, https:\/\/laianart.mortensen.cat\/app\/uploads\/2026\/05\/70ab6a217c27c921220649993ac83a4d790e4c4a-225x300.webp 225w\" sizes=\"auto, (max-width: 600px) 100vw, 600px\" \/>\n            <\/div>\n          <\/div>\n                  <div class=\"swiper-slide !w-[219px] md:!w-[306px] aspect-[9\/16]\">\n            <div data-home-about-slide-inner class=\"w-full h-full rounded-xl md:rounded-sm overflow-hidden\">\n              <img loading=\"lazy\" decoding=\"async\" width=\"600\" height=\"800\" src=\"https:\/\/laianart.mortensen.cat\/app\/uploads\/2026\/05\/68de2b5d1e81dc8444f4ba5b09d837e3541581fa.webp\" class=\"w-full h-full object-cover\" alt=\"\" srcset=\"https:\/\/laianart.mortensen.cat\/app\/uploads\/2026\/05\/68de2b5d1e81dc8444f4ba5b09d837e3541581fa.webp 600w, https:\/\/laianart.mortensen.cat\/app\/uploads\/2026\/05\/68de2b5d1e81dc8444f4ba5b09d837e3541581fa-225x300.webp 225w\" sizes=\"auto, (max-width: 600px) 100vw, 600px\" \/>\n            <\/div>\n          <\/div>\n              <\/div>\n    <\/div>\n  \n  <div class=\"absolute inset-0 z-0 bg-linear-to-tl from-brown-900\/10 to-red-600\/10 pointer-events-none\"><\/div>\n<\/section>\n","protected":false},"excerpt":{"rendered":"","protected":false},"author":1,"featured_media":0,"parent":0,"menu_order":0,"comment_status":"closed","ping_status":"closed","template":"","meta":{"_acf_changed":false,"footnotes":""},"basics_global_taxonomy":[],"class_list":["post-15","page","type-page","status-publish","hentry"],"acf":[],"yoast_head":"<!-- This site is optimized with the Yoast SEO plugin v27.6 - https:\/\/yoast.com\/product\/yoast-seo-wordpress\/ -->\n<title>Home - Laia Nart<\/title>\n<meta name=\"robots\" content=\"noindex, follow, max-snippet:-1, max-image-preview:large, max-video-preview:-1\" \/>\n<meta property=\"og:locale\" content=\"en_US\" \/>\n<meta property=\"og:type\" content=\"article\" \/>\n<meta property=\"og:title\" content=\"Home - Laia Nart\" \/>\n<meta property=\"og:url\" content=\"https:\/\/laianart.mortensen.cat\/en\/\" \/>\n<meta property=\"og:site_name\" content=\"Laia Nart\" \/>\n<meta property=\"article:modified_time\" content=\"2026-05-04T14:24:30+00:00\" \/>\n<meta name=\"twitter:card\" content=\"summary_large_image\" \/>\n<script type=\"application\/ld+json\" class=\"yoast-schema-graph\">{\"@context\":\"https:\\\/\\\/schema.org\",\"@graph\":[{\"@type\":\"WebPage\",\"@id\":\"https:\\\/\\\/laianart.mortensen.cat\\\/en\\\/\",\"url\":\"https:\\\/\\\/laianart.mortensen.cat\\\/en\\\/\",\"name\":\"Home - Laia Nart\",\"isPartOf\":{\"@id\":\"https:\\\/\\\/laianart.mortensen.cat\\\/en\\\/#website\"},\"datePublished\":\"2026-05-04T11:53:44+00:00\",\"dateModified\":\"2026-05-04T14:24:30+00:00\",\"breadcrumb\":{\"@id\":\"https:\\\/\\\/laianart.mortensen.cat\\\/en\\\/#breadcrumb\"},\"inLanguage\":\"en-US\",\"potentialAction\":[{\"@type\":\"ReadAction\",\"target\":[\"https:\\\/\\\/laianart.mortensen.cat\\\/en\\\/\"]}]},{\"@type\":\"BreadcrumbList\",\"@id\":\"https:\\\/\\\/laianart.mortensen.cat\\\/en\\\/#breadcrumb\",\"itemListElement\":[{\"@type\":\"ListItem\",\"position\":1,\"name\":\"Portada\",\"item\":\"https:\\\/\\\/laianart.mortensen.cat\\\/en\\\/\"},{\"@type\":\"ListItem\",\"position\":2,\"name\":\"Home\"}]},{\"@type\":\"WebSite\",\"@id\":\"https:\\\/\\\/laianart.mortensen.cat\\\/en\\\/#website\",\"url\":\"https:\\\/\\\/laianart.mortensen.cat\\\/en\\\/\",\"name\":\"Laia Nart\",\"description\":\"\",\"potentialAction\":[{\"@type\":\"SearchAction\",\"target\":{\"@type\":\"EntryPoint\",\"urlTemplate\":\"https:\\\/\\\/laianart.mortensen.cat\\\/en\\\/?s={search_term_string}\"},\"query-input\":{\"@type\":\"PropertyValueSpecification\",\"valueRequired\":true,\"valueName\":\"search_term_string\"}}],\"inLanguage\":\"en-US\"}]}<\/script>\n<!-- \/ Yoast SEO plugin. -->","yoast_head_json":{"title":"Home - Laia Nart","robots":{"index":"noindex","follow":"follow","max-snippet":"max-snippet:-1","max-image-preview":"max-image-preview:large","max-video-preview":"max-video-preview:-1"},"og_locale":"en_US","og_type":"article","og_title":"Home - Laia Nart","og_url":"https:\/\/laianart.mortensen.cat\/en\/","og_site_name":"Laia Nart","article_modified_time":"2026-05-04T14:24:30+00:00","twitter_card":"summary_large_image","schema":{"@context":"https:\/\/schema.org","@graph":[{"@type":"WebPage","@id":"https:\/\/laianart.mortensen.cat\/en\/","url":"https:\/\/laianart.mortensen.cat\/en\/","name":"Home - Laia Nart","isPartOf":{"@id":"https:\/\/laianart.mortensen.cat\/en\/#website"},"datePublished":"2026-05-04T11:53:44+00:00","dateModified":"2026-05-04T14:24:30+00:00","breadcrumb":{"@id":"https:\/\/laianart.mortensen.cat\/en\/#breadcrumb"},"inLanguage":"en-US","potentialAction":[{"@type":"ReadAction","target":["https:\/\/laianart.mortensen.cat\/en\/"]}]},{"@type":"BreadcrumbList","@id":"https:\/\/laianart.mortensen.cat\/en\/#breadcrumb","itemListElement":[{"@type":"ListItem","position":1,"name":"Portada","item":"https:\/\/laianart.mortensen.cat\/en\/"},{"@type":"ListItem","position":2,"name":"Home"}]},{"@type":"WebSite","@id":"https:\/\/laianart.mortensen.cat\/en\/#website","url":"https:\/\/laianart.mortensen.cat\/en\/","name":"Laia Nart","description":"","potentialAction":[{"@type":"SearchAction","target":{"@type":"EntryPoint","urlTemplate":"https:\/\/laianart.mortensen.cat\/en\/?s={search_term_string}"},"query-input":{"@type":"PropertyValueSpecification","valueRequired":true,"valueName":"search_term_string"}}],"inLanguage":"en-US"}]}},"_links":{"self":[{"href":"https:\/\/laianart.mortensen.cat\/en\/wp-json\/wp\/v2\/pages\/15","targetHints":{"allow":["GET"]}}],"collection":[{"href":"https:\/\/laianart.mortensen.cat\/en\/wp-json\/wp\/v2\/pages"}],"about":[{"href":"https:\/\/laianart.mortensen.cat\/en\/wp-json\/wp\/v2\/types\/page"}],"author":[{"embeddable":true,"href":"https:\/\/laianart.mortensen.cat\/en\/wp-json\/wp\/v2\/users\/1"}],"replies":[{"embeddable":true,"href":"https:\/\/laianart.mortensen.cat\/en\/wp-json\/wp\/v2\/comments?post=15"}],"version-history":[{"count":2,"href":"https:\/\/laianart.mortensen.cat\/en\/wp-json\/wp\/v2\/pages\/15\/revisions"}],"predecessor-version":[{"id":29,"href":"https:\/\/laianart.mortensen.cat\/en\/wp-json\/wp\/v2\/pages\/15\/revisions\/29"}],"wp:attachment":[{"href":"https:\/\/laianart.mortensen.cat\/en\/wp-json\/wp\/v2\/media?parent=15"}],"wp:term":[{"taxonomy":"basics_global_taxonomy","embeddable":true,"href":"https:\/\/laianart.mortensen.cat\/en\/wp-json\/wp\/v2\/basics_global_taxonomy?post=15"}],"curies":[{"name":"wp","href":"https:\/\/api.w.org\/{rel}","templated":true}]}}